{"id":31,"date":"2020-06-23T04:04:13","date_gmt":"2020-06-23T04:04:13","guid":{"rendered":"https:\/\/albatrozaviacao.com.br\/?page_id=31"},"modified":"2022-03-29T17:04:21","modified_gmt":"2022-03-29T17:04:21","slug":"albatroz-consultoria-em-aviacao","status":"publish","type":"page","link":"https:\/\/albatrozaviacao.com.br\/en\/","title":{"rendered":"Albatroz Aviation Consulting"},"content":{"rendered":"<p style=\"text-align: justify;\"><span style=\"font-size: 16px; line-height: 1.5; font-family: Tahoma, Geneva, sans-serif;\">Albatroz Aviation Consulting is composed by a team of consultants with extensive expertise in safety management systems, qualified IOSA and ISO 9001 auditors and with experience in process modeling and risk management methods. International experience and knowledge of the aviation market and its dynamics.\nWho accurately understands customer needs to provide the best solutions for:<\/span><\/p>\n\n\n\n\n\n\n\nRegulatory standard and Compliance\n\n\n<p class=\"MsoNormal\" style=\"text-align: justify; margin-bottom: 18pt; line-height: normal;\"><span style=\"font-size: 12pt;\"><span style=\"font-family: Tahoma, Geneva, sans-serif; font-size: 16px; line-height: 1.5;\">Planning for the implementation of the Safety Management System (SMS) for approval by ANAC for Aviation Schools and Air Taxi companies in development.<\/span><span style=\"font-family: &quot;Times New Roman&quot;, serif;\"><o:p><\/o:p><\/span><\/span><\/p>\n\n\n\nCria\u00e7\u00e3o dos Manuais MGSO e Qualidade para certifica\u00e7\u00e3o;\n\n\nAn\u00e1lise de GAP;\n\n\nDesenvolvimento de calend\u00e1rio anual de atividades.\n\n\n\n\n\n\n\n\n\n\n\n\n\n\n<h2>Competitive Advantage<\/h2>\n\n\n<p style=\"text-align: justify;\"><span style=\"font-size: 12pt; line-height: 107%;\"><span style=\"font-family: Tahoma, Geneva, sans-serif;\"><span style=\"font-size: 16px;\">Advisor for airlines, airports and maintenance institutions to improve its Safety Management System (SMS) in compliance with international best practices.<\/span><span style=\"font-size: 16px;\"><\/span><\/span><\/span><\/p>\n\n\n\nMapeamento minucioso dos riscos operacionais;\n\n\nIntrodu\u00e7\u00e3o de ferramentas de excel\u00eancia para gerenciamento dos riscos;\n\n\nFortalecimento da cultura de seguran\u00e7a atrav\u00e9s do conceito de Cultura Justa;\n\n\nOtimiza\u00e7\u00e3o do SGSO atrav\u00e9s do mapeamento dos processos;\n\n\nDesenvolvimento de indicadores de desempenho eficazes.\n\n\n\n\n\n\n\n\n\n\n\n\n\n\n<h2>Operational Excelence<\/h2>\n\n\n<p style=\"text-align: justify;\"><span style=\"font-size: 12pt; line-height: 1.5; font-family: Tahoma, Geneva, sans-serif;\"><span style=\"font-size: 16px;\"><\/span><span style=\"line-height: 1.5;\">Evaluation and monitoring of the Safety Management Systems performance of airlines and airports based on current regulations, IOSA and IOGP requirements.<\/span><\/span><\/p>\n\n\n\nRealiza\u00e7\u00e3o de auditorias independentes para garantir a efici\u00eancia do sistema e processos;\n\n\nRealiza\u00e7\u00e3o de auditorias para confirmar a adequa\u00e7\u00e3o \u00e0 opera\u00e7\u00e3o de aeroportos, helipontos e unidades mar\u00edtimas;\n\n\nMonitoramento dos resultados do SGSO;\n\n\nAn\u00e1lise de dados de voo em conformidade com todos os protocolos de FDM.\n\n\n\n\n\n\n\n\n\n\n\n\n\n\n<h2>Competence Development<\/h2>\n\n\n<p style=\"text-align: justify;\"><span style=\"font-family: Tahoma, Geneva, sans-serif;\"><span style=\"font-size: 16px;\">Training organizations and companies to improve leadership in operational safety, changing safety behavior, safety culture and emergency planning &amp; crisis management.<\/span><\/span><\/p>\n\n\n\nTreinamentos para fomento da cultura de seguran\u00e7a operacional nas organiza\u00e7\u00f5es;\n\n\nTreinamentos sobre a lideran\u00e7a dentro do sistema de gerenciamento da seguran\u00e7a operacional;\n\n\nDesenvolvimento e coordena\u00e7\u00e3o de exerc\u00edcio simulado de emerg\u00eancia.","protected":false},"excerpt":{"rendered":"","protected":false},"author":1,"featured_media":0,"parent":0,"menu_order":0,"comment_status":"closed","ping_status":"closed","template":"","meta":{"pagelayer_contact_templates":[],"_pagelayer_content":"","footnotes":""},"class_list":["post-31","page","type-page","status-publish","hentry"],"yoast_head":"<!-- This site is optimized with the Yoast SEO plugin v27.2 - https:\/\/yoast.com\/product\/yoast-seo-wordpress\/ -->\n<title>Albatroz Consultoria em Avia\u00e7\u00e3o - Albatroz Avia\u00e7\u00e3o<\/title>\n<meta name=\"description\" content=\"Consultoria em avia\u00e7\u00e3o que prov\u00ea servi\u00e7os para gerenciamento do SGSO, mapeamento de riscos e prepara\u00e7\u00e3o para certifica\u00e7\u00e3o ISO, IOSA e PEOTRAM.\" \/>\n<meta name=\"robots\" content=\"index, follow, max-snippet:-1, max-image-preview:large, max-video-preview:-1\" \/>\n<link rel=\"canonical\" href=\"https:\/\/albatrozaviacao.com.br\/en\/\" \/>\n<meta property=\"og:locale\" content=\"en_US\" \/>\n<meta property=\"og:type\" content=\"article\" \/>\n<meta property=\"og:title\" content=\"Albatroz Consultoria em Avia\u00e7\u00e3o - Albatroz Avia\u00e7\u00e3o\" \/>\n<meta property=\"og:description\" content=\"Consultoria em avia\u00e7\u00e3o que prov\u00ea servi\u00e7os para gerenciamento do SGSO, mapeamento de riscos e prepara\u00e7\u00e3o para certifica\u00e7\u00e3o ISO, IOSA e PEOTRAM.\" \/>\n<meta property=\"og:url\" content=\"https:\/\/albatrozaviacao.com.br\/en\/\" \/>\n<meta property=\"og:site_name\" content=\"Albatroz Avia\u00e7\u00e3o\" \/>\n<meta property=\"article:modified_time\" content=\"2022-03-29T17:04:21+00:00\" \/>\n<meta name=\"twitter:card\" content=\"summary_large_image\" \/>\n<meta name=\"twitter:label1\" content=\"Est. reading time\" \/>\n\t<meta name=\"twitter:data1\" content=\"2 minutes\" \/>\n<script type=\"application\/ld+json\" class=\"yoast-schema-graph\">{\"@context\":\"https:\/\/schema.org\",\"@graph\":[{\"@type\":\"WebPage\",\"@id\":\"https:\/\/albatrozaviacao.com.br\/\",\"url\":\"https:\/\/albatrozaviacao.com.br\/\",\"name\":\"Albatroz Consultoria em Avia\u00e7\u00e3o - Albatroz Avia\u00e7\u00e3o\",\"isPartOf\":{\"@id\":\"https:\/\/albatrozaviacao.com.br\/#website\"},\"datePublished\":\"2020-06-23T04:04:13+00:00\",\"dateModified\":\"2022-03-29T17:04:21+00:00\",\"description\":\"Consultoria em avia\u00e7\u00e3o que prov\u00ea servi\u00e7os para gerenciamento do SGSO, mapeamento de riscos e prepara\u00e7\u00e3o para certifica\u00e7\u00e3o ISO, IOSA e PEOTRAM.\",\"breadcrumb\":{\"@id\":\"https:\/\/albatrozaviacao.com.br\/#breadcrumb\"},\"inLanguage\":\"en-US\",\"potentialAction\":[{\"@type\":\"ReadAction\",\"target\":[\"https:\/\/albatrozaviacao.com.br\/\"]}]},{\"@type\":\"BreadcrumbList\",\"@id\":\"https:\/\/albatrozaviacao.com.br\/#breadcrumb\",\"itemListElement\":[{\"@type\":\"ListItem\",\"position\":1,\"name\":\"In\u00edcio\",\"item\":\"https:\/\/albatrozaviacao.com.br\/\"},{\"@type\":\"ListItem\",\"position\":2,\"name\":\"Albatroz Consultoria em Avia\u00e7\u00e3o\"}]},{\"@type\":\"WebSite\",\"@id\":\"https:\/\/albatrozaviacao.com.br\/#website\",\"url\":\"https:\/\/albatrozaviacao.com.br\/\",\"name\":\"Albatroz Avia\u00e7\u00e3o\",\"description\":\"Consultoria em Avia\u00e7\u00e3o\",\"publisher\":{\"@id\":\"https:\/\/albatrozaviacao.com.br\/#organization\"},\"potentialAction\":[{\"@type\":\"SearchAction\",\"target\":{\"@type\":\"EntryPoint\",\"urlTemplate\":\"https:\/\/albatrozaviacao.com.br\/?s={search_term_string}\"},\"query-input\":{\"@type\":\"PropertyValueSpecification\",\"valueRequired\":true,\"valueName\":\"search_term_string\"}}],\"inLanguage\":\"en-US\"},{\"@type\":\"Organization\",\"@id\":\"https:\/\/albatrozaviacao.com.br\/#organization\",\"name\":\"Albatroz Consultoria em Avia\u00e7\u00e3o\",\"url\":\"https:\/\/albatrozaviacao.com.br\/\",\"logo\":{\"@type\":\"ImageObject\",\"inLanguage\":\"en-US\",\"@id\":\"https:\/\/albatrozaviacao.com.br\/#\/schema\/logo\/image\/\",\"url\":\"https:\/\/albatrozaviacao.com.br\/wp-content\/uploads\/2020\/06\/ALBATROZ-250x250px.png\",\"contentUrl\":\"https:\/\/albatrozaviacao.com.br\/wp-content\/uploads\/2020\/06\/ALBATROZ-250x250px.png\",\"width\":250,\"height\":250,\"caption\":\"Albatroz Consultoria em Avia\u00e7\u00e3o\"},\"image\":{\"@id\":\"https:\/\/albatrozaviacao.com.br\/#\/schema\/logo\/image\/\"},\"sameAs\":[\"https:\/\/www.linkedin.com\/company\/albatroz-consultoria-em-avia\u00e7\u00e3o\/?viewAsMember=true\"]}]}<\/script>\n<!-- \/ Yoast SEO plugin. -->","yoast_head_json":{"title":"Albatroz Consultoria em Avia\u00e7\u00e3o - Albatroz Avia\u00e7\u00e3o","description":"Consultoria em avia\u00e7\u00e3o que prov\u00ea servi\u00e7os para gerenciamento do SGSO, mapeamento de riscos e prepara\u00e7\u00e3o para certifica\u00e7\u00e3o ISO, IOSA e PEOTRAM.","robots":{"index":"index","follow":"follow","max-snippet":"max-snippet:-1","max-image-preview":"max-image-preview:large","max-video-preview":"max-video-preview:-1"},"canonical":"https:\/\/albatrozaviacao.com.br\/en\/","og_locale":"en_US","og_type":"article","og_title":"Albatroz Consultoria em Avia\u00e7\u00e3o - Albatroz Avia\u00e7\u00e3o","og_description":"Consultoria em avia\u00e7\u00e3o que prov\u00ea servi\u00e7os para gerenciamento do SGSO, mapeamento de riscos e prepara\u00e7\u00e3o para certifica\u00e7\u00e3o ISO, IOSA e PEOTRAM.","og_url":"https:\/\/albatrozaviacao.com.br\/en\/","og_site_name":"Albatroz Avia\u00e7\u00e3o","article_modified_time":"2022-03-29T17:04:21+00:00","twitter_card":"summary_large_image","twitter_misc":{"Est. reading time":"2 minutes"},"schema":{"@context":"https:\/\/schema.org","@graph":[{"@type":"WebPage","@id":"https:\/\/albatrozaviacao.com.br\/","url":"https:\/\/albatrozaviacao.com.br\/","name":"Albatroz Consultoria em Avia\u00e7\u00e3o - Albatroz Avia\u00e7\u00e3o","isPartOf":{"@id":"https:\/\/albatrozaviacao.com.br\/#website"},"datePublished":"2020-06-23T04:04:13+00:00","dateModified":"2022-03-29T17:04:21+00:00","description":"Consultoria em avia\u00e7\u00e3o que prov\u00ea servi\u00e7os para gerenciamento do SGSO, mapeamento de riscos e prepara\u00e7\u00e3o para certifica\u00e7\u00e3o ISO, IOSA e PEOTRAM.","breadcrumb":{"@id":"https:\/\/albatrozaviacao.com.br\/#breadcrumb"},"inLanguage":"en-US","potentialAction":[{"@type":"ReadAction","target":["https:\/\/albatrozaviacao.com.br\/"]}]},{"@type":"BreadcrumbList","@id":"https:\/\/albatrozaviacao.com.br\/#breadcrumb","itemListElement":[{"@type":"ListItem","position":1,"name":"In\u00edcio","item":"https:\/\/albatrozaviacao.com.br\/"},{"@type":"ListItem","position":2,"name":"Albatroz Consultoria em Avia\u00e7\u00e3o"}]},{"@type":"WebSite","@id":"https:\/\/albatrozaviacao.com.br\/#website","url":"https:\/\/albatrozaviacao.com.br\/","name":"Albatroz Avia\u00e7\u00e3o","description":"Consultoria em Avia\u00e7\u00e3o","publisher":{"@id":"https:\/\/albatrozaviacao.com.br\/#organization"},"potentialAction":[{"@type":"SearchAction","target":{"@type":"EntryPoint","urlTemplate":"https:\/\/albatrozaviacao.com.br\/?s={search_term_string}"},"query-input":{"@type":"PropertyValueSpecification","valueRequired":true,"valueName":"search_term_string"}}],"inLanguage":"en-US"},{"@type":"Organization","@id":"https:\/\/albatrozaviacao.com.br\/#organization","name":"Albatroz Consultoria em Avia\u00e7\u00e3o","url":"https:\/\/albatrozaviacao.com.br\/","logo":{"@type":"ImageObject","inLanguage":"en-US","@id":"https:\/\/albatrozaviacao.com.br\/#\/schema\/logo\/image\/","url":"https:\/\/albatrozaviacao.com.br\/wp-content\/uploads\/2020\/06\/ALBATROZ-250x250px.png","contentUrl":"https:\/\/albatrozaviacao.com.br\/wp-content\/uploads\/2020\/06\/ALBATROZ-250x250px.png","width":250,"height":250,"caption":"Albatroz Consultoria em Avia\u00e7\u00e3o"},"image":{"@id":"https:\/\/albatrozaviacao.com.br\/#\/schema\/logo\/image\/"},"sameAs":["https:\/\/www.linkedin.com\/company\/albatroz-consultoria-em-avia\u00e7\u00e3o\/?viewAsMember=true"]}]}},"_links":{"self":[{"href":"https:\/\/albatrozaviacao.com.br\/en\/wp-json\/wp\/v2\/pages\/31","targetHints":{"allow":["GET"]}}],"collection":[{"href":"https:\/\/albatrozaviacao.com.br\/en\/wp-json\/wp\/v2\/pages"}],"about":[{"href":"https:\/\/albatrozaviacao.com.br\/en\/wp-json\/wp\/v2\/types\/page"}],"author":[{"embeddable":true,"href":"https:\/\/albatrozaviacao.com.br\/en\/wp-json\/wp\/v2\/users\/1"}],"replies":[{"embeddable":true,"href":"https:\/\/albatrozaviacao.com.br\/en\/wp-json\/wp\/v2\/comments?post=31"}],"version-history":[{"count":25,"href":"https:\/\/albatrozaviacao.com.br\/en\/wp-json\/wp\/v2\/pages\/31\/revisions"}],"predecessor-version":[{"id":234,"href":"https:\/\/albatrozaviacao.com.br\/en\/wp-json\/wp\/v2\/pages\/31\/revisions\/234"}],"wp:attachment":[{"href":"https:\/\/albatrozaviacao.com.br\/en\/wp-json\/wp\/v2\/media?parent=31"}],"curies":[{"name":"wp","href":"https:\/\/api.w.org\/{rel}","templated":true}]}}