{"id":32,"date":"2020-06-23T04:11:31","date_gmt":"2020-06-23T04:11:31","guid":{"rendered":"https:\/\/albatrozaviacao.com.br\/?page_id=32"},"modified":"2022-03-29T18:19:30","modified_gmt":"2022-03-29T18:19:30","slug":"sobre","status":"publish","type":"page","link":"https:\/\/albatrozaviacao.com.br\/en\/sobre\/","title":{"rendered":"About"},"content":{"rendered":"<p>[pl_row pagelayer-id=&#8221;qanWfZ3CtFRJwspA&#8221; stretch=&#8221;auto&#8221; col_gap=&#8221;10&#8243; width_content=&#8221;auto&#8221; row_height=&#8221;default&#8221; overlay_hover_delay=&#8221;400&#8243; row_shape_top_color=&#8221;#227bc3&#8243; row_shape_top_width=&#8221;100&#8243; row_shape_top_height=&#8221;100&#8243; row_shape_bottom_color=&#8221;#e44993&#8243; row_shape_bottom_width=&#8221;100&#8243; row_shape_bottom_height=&#8221;100&#8243;]<br>\n[pl_col pagelayer-id=&#8221;0J8t6pOwf6rh6QBO&#8221; widget_space=&#8221;15&#8243; overlay_hover_delay=&#8221;400&#8243;]<br>\n[pl_heading pagelayer-id=&#8221;n8zOyVD7bre8kO8Z&#8221; heading_state=&#8221;normal&#8221; color=&#8221;#111111&#8243; heading_typo=&#8221;,20,,600,,,Solid,,,,&#8221;]<\/p>\n<h2>Albatroz Aviation Consulting<\/h2>\n<p>[\/pl_heading]<br>\n[pl_text pagelayer-id=&#8221;LFGqxXGEjwXuPpBV&#8221; ]<\/p>\n<p style=\"text-align: justify;\"><span style=\"background-color: transparent; font-size: 16px; line-height: 1.5; font-family: Tahoma, Geneva, sans-serif;\">Albatroz Aviation Consulting is a company founded in 2020 from the desire of its founder to share his knowledge in safety management systems to increase performance, reduce and control risks and protect lives in civil aviation.<\/span><\/p>\n<p>[\/pl_text]<br>\n[pl_space pagelayer-id=&#8221;VoC9nci0chMpbJsp&#8221; height=&#8221;15px&#8221;]<br>\n[\/pl_space]<br>\n[\/pl_col]<br>\n[\/pl_row]<br>\n[pl_row pagelayer-id=&#8221;2DFCtBPkBGaInAAX&#8221; stretch=&#8221;auto&#8221; col_gap=&#8221;10&#8243; width_content=&#8221;auto&#8221; row_height=&#8221;default&#8221; overlay_hover_delay=&#8221;400&#8243; row_shape_top_color=&#8221;#227bc3&#8243; row_shape_top_width=&#8221;100&#8243; row_shape_top_height=&#8221;100&#8243; row_shape_bottom_color=&#8221;#e44993&#8243; row_shape_bottom_width=&#8221;100&#8243; row_shape_bottom_height=&#8221;100&#8243;]<br>\n[pl_col pagelayer-id=&#8221;ZBMUnKqdVd4LPlzC&#8221; widget_space=&#8221;15&#8243; overlay_hover_delay=&#8221;400&#8243;]<br>\n[pl_heading pagelayer-id=&#8221;rvqSfV4cyVslom2M&#8221; heading_state=&#8221;normal&#8221; color=&#8221;#111111&#8243; heading_typo=&#8221;,20,,600,,,Solid,,,,&#8221;]<\/p>\n<h2>Mission:<\/h2>\n<p>[\/pl_heading]<br>\n[\/pl_col]<br>\n[\/pl_row]<br>\n[pl_row pagelayer-id=&#8221;sKX3L5U8KGIlSN8c&#8221; stretch=&#8221;auto&#8221; col_gap=&#8221;10&#8243; width_content=&#8221;auto&#8221; row_height=&#8221;default&#8221; overlay_hover_delay=&#8221;400&#8243; row_shape_top_color=&#8221;#227bc3&#8243; row_shape_top_width=&#8221;100&#8243; row_shape_top_height=&#8221;100&#8243; row_shape_bottom_color=&#8221;#e44993&#8243; row_shape_bottom_width=&#8221;100&#8243; row_shape_bottom_height=&#8221;100&#8243;]<br>\n[pl_col pagelayer-id=&#8221;ow7eOUicOOpU0xFi&#8221; widget_space=&#8221;15&#8243; overlay_hover_delay=&#8221;400&#8243;]<br>\n[pl_text pagelayer-id=&#8221;3YozEnF3GXsvf8Dy&#8221; ]<\/p>\n<p style=\"text-align: justify; line-height: 1.5; font-size: 16px;\"><span style=\"font-family: Tahoma, Geneva, sans-serif;\">To provide high performance strategies for the safety management and provide solutions for monitoring civil aviation safety management systems in accordance with international standards of excellence. Providing our clients well-being, competitive advantage and confidence in the safety of their operations. Always contributing to the protection of lives and reliability of civil aviation worldwide.<\/span><\/p>\n<p>[\/pl_text]<br>\n[\/pl_col]<br>\n[\/pl_row]<br>\n[pl_row pagelayer-id=&#8221;1eMbXVLGDsZHDI3T&#8221; stretch=&#8221;auto&#8221; col_gap=&#8221;10&#8243; width_content=&#8221;auto&#8221; row_height=&#8221;default&#8221; overlay_hover_delay=&#8221;400&#8243; row_shape_top_color=&#8221;#227bc3&#8243; row_shape_top_width=&#8221;100&#8243; row_shape_top_height=&#8221;100&#8243; row_shape_bottom_color=&#8221;#e44993&#8243; row_shape_bottom_width=&#8221;100&#8243; row_shape_bottom_height=&#8221;100&#8243;]<br>\n[pl_col pagelayer-id=&#8221;ssAbOnIvah3m657s&#8221; widget_space=&#8221;15&#8243; overlay_hover_delay=&#8221;400&#8243;]<br>\n[pl_heading pagelayer-id=&#8221;PadDSRFpku7OCt8H&#8221; heading_state=&#8221;normal&#8221; color=&#8221;#111111&#8243; heading_typo=&#8221;,20,,600,,,Solid,,,,&#8221;]<\/p>\n<h2>Vision:<\/h2>\n<p>[\/pl_heading]<br>\n[pl_text pagelayer-id=&#8221;8XFQ5VuKAYbT7WTk&#8221; ]<\/p>\n<p style=\"text-align: justify;\"><span style=\"font-family: Tahoma, Geneva, sans-serif; line-height: 1.5; font-size: 16px;\">To be a reference in monitoring and promoting safety management systems in civil aviation.<\/span><\/p>\n<p>[\/pl_text]<br>\n[\/pl_col]<br>\n[\/pl_row]<br>\n[pl_row pagelayer-id=&#8221;laR6fWgaRB6oJYK4&#8243; stretch=&#8221;auto&#8221; col_gap=&#8221;10&#8243; width_content=&#8221;auto&#8221; row_height=&#8221;default&#8221; overlay_hover_delay=&#8221;400&#8243; row_shape_top_color=&#8221;#227bc3&#8243; row_shape_top_width=&#8221;100&#8243; row_shape_top_height=&#8221;100&#8243; row_shape_bottom_color=&#8221;#e44993&#8243; row_shape_bottom_width=&#8221;100&#8243; row_shape_bottom_height=&#8221;100&#8243;]<br>\n[pl_col pagelayer-id=&#8221;jNG3h0Vb3ujAoE49&#8243; widget_space=&#8221;15&#8243; overlay_hover_delay=&#8221;400&#8243;]<br>\n[pl_heading pagelayer-id=&#8221;1Ox3iuWBBQZ0VJon&#8221; heading_state=&#8221;normal&#8221; color=&#8221;#111111&#8243; heading_typo=&#8221;,20,,600,,,Solid,,,,&#8221;]<\/p>\n<h2>Values:<\/h2>\n<p>[\/pl_heading]<br>\n[pl_text pagelayer-id=&#8221;u594hErtpZESeU75&#8243; ele_margin=&#8221;0px,0px,0px,0px&#8221; ele_padding=&#8221;0px,0px,0px,0px&#8221; ele_zindex=&#8221;0&#8243; border_radius=&#8221;0px,0px,0px,0px&#8221; ele_custom_pos=&#8221;true&#8221; ele_align=&#8221;margin&#8221; ele_height=&#8221;auto&#8221; ele_custom_width=&#8221;695px&#8221; ele_position=&#8221;relative&#8221; ele_hposition=&#8221;left&#8221; ele_hposition_offset=&#8221;26px&#8221;]<\/p>\n<ul>\n<li><span style=\"line-height: 2.0;\"><strong>Confidentiality <\/strong>das informa\u00e7\u00f5es sens\u00edveis e espec\u00edficas dos clientes;<\/span><\/li>\n<li><span style=\"line-height: 2.0;\"><strong>Respect <\/strong>to all people and <strong>ethics <\/strong>na condu\u00e7\u00e3o das suas atividades;<\/span><\/li>\n<li><span style=\"line-height: 2.0;\"><strong>To Inspire <\/strong>atitudes e comportamentos seguros;<\/span><\/li>\n<li><span style=\"line-height: 2.0;\">To conduct its activities with <strong>Excellence<\/strong>.<\/span><\/li>\n<\/ul>\n<p>[\/pl_text]<br>\n[\/pl_col]<br>\n[\/pl_row]<\/p>\n\n\n<h2 class=\"has-medium-font-size wp-block-heading\"><strong>Accomplishments<\/strong><\/h2>\n\n\n\n<ul class=\"wp-block-list\"><li>Conduct a rating and compliance audit based on IOGP 690 and PEOTRAM requirements on an airline for an Oil &amp; Gas company.<\/li><li>Publication of a study on aeronautical occurrences in Offshore helicopter operations, with a survey of the most frequent indicators and risks.<\/li><\/ul>\n\n\n\n<p><\/p>","protected":false},"excerpt":{"rendered":"<p>[pl_row pagelayer-id=&#8221;qanWfZ3CtFRJwspA&#8221; stretch=&#8221;auto&#8221; col_gap=&#8221;10&#8243; width_content=&#8221;auto&#8221; row_height=&#8221;default&#8221; overlay_hover_delay=&#8221;400&#8243; row_shape_top_color=&#8221;#227bc3&#8243; row_shape_top_width=&#8221;100&#8243; row_shape_top_height=&#8221;100&#8243; row_shape_bottom_color=&#8221;#e44993&#8243; row_shape_bottom_width=&#8221;100&#8243; row_shape_bottom_height=&#8221;100&#8243;] [pl_col pagelayer-id=&#8221;0J8t6pOwf6rh6QBO&#8221; widget_space=&#8221;15&#8243; overlay_hover_delay=&#8221;400&#8243;] [pl_heading pagelayer-id=&#8221;n8zOyVD7bre8kO8Z&#8221; heading_state=&#8221;normal&#8221; color=&#8221;#111111&#8243; heading_typo=&#8221;,20,,600,,,Solid,,,,&#8221;] Albatroz Consultoria em Avia\u00e7\u00e3o [\/pl_heading] [pl_text pagelayer-id=&#8221;LFGqxXGEjwXuPpBV&#8221; ] Albatroz Consultoria em Avia\u00e7\u00e3o \u00e9 uma empresa fundada em 2020 a partir do desejo de seu fundador em compartilhar seus conhecimentos nos sistemas de gerenciamento &hellip; <\/p>\n<p class=\"link-more\"><a href=\"https:\/\/albatrozaviacao.com.br\/en\/sobre\/\" class=\"more-link\">Continue reading<span class=\"screen-reader-text\"> &#8220;Sobre&#8221;<\/span><\/a><\/p>","protected":false},"author":1,"featured_media":56,"parent":0,"menu_order":0,"comment_status":"closed","ping_status":"closed","template":"","meta":{"pagelayer_contact_templates":[],"_pagelayer_content":"","footnotes":""},"class_list":["post-32","page","type-page","status-publish","has-post-thumbnail","hentry"],"yoast_head":"<!-- This site is optimized with the Yoast SEO plugin v27.2 - https:\/\/yoast.com\/product\/yoast-seo-wordpress\/ -->\n<title>Sobre - Albatroz Avia\u00e7\u00e3o<\/title>\n<meta name=\"description\" content=\"Albatroz Consultoria em Avia\u00e7\u00e3o \u00e9 uma empresa fundada em 2020 a partir do desejo de seu fundador em compartilhar seus conhecimentos nos sistemas de gerenciamento da seguran\u00e7a operacional para elevar performance, reduzir e controlar riscos e proteger vidas na avia\u00e7\u00e3o civil.\" \/>\n<meta name=\"robots\" content=\"index, follow, max-snippet:-1, max-image-preview:large, max-video-preview:-1\" \/>\n<link rel=\"canonical\" href=\"https:\/\/albatrozaviacao.com.br\/en\/sobre\/\" \/>\n<meta property=\"og:locale\" content=\"en_US\" \/>\n<meta property=\"og:type\" content=\"article\" \/>\n<meta property=\"og:title\" content=\"Sobre - Albatroz Avia\u00e7\u00e3o\" \/>\n<meta property=\"og:description\" content=\"Albatroz Consultoria em Avia\u00e7\u00e3o \u00e9 uma empresa fundada em 2020 a partir do desejo de seu fundador em compartilhar seus conhecimentos nos sistemas de gerenciamento da seguran\u00e7a operacional para elevar performance, reduzir e controlar riscos e proteger vidas na avia\u00e7\u00e3o civil.\" \/>\n<meta property=\"og:url\" content=\"https:\/\/albatrozaviacao.com.br\/en\/sobre\/\" \/>\n<meta property=\"og:site_name\" content=\"Albatroz Avia\u00e7\u00e3o\" \/>\n<meta property=\"article:modified_time\" content=\"2022-03-29T18:19:30+00:00\" \/>\n<meta property=\"og:image\" content=\"https:\/\/albatrozaviacao.com.br\/wp-content\/uploads\/2020\/06\/Albatroz-Icone-2000x1200px.jpg\" \/>\n\t<meta property=\"og:image:width\" content=\"2000\" \/>\n\t<meta property=\"og:image:height\" content=\"1200\" \/>\n\t<meta property=\"og:image:type\" content=\"image\/jpeg\" \/>\n<meta name=\"twitter:card\" content=\"summary_large_image\" \/>\n<meta name=\"twitter:label1\" content=\"Est. reading time\" \/>\n\t<meta name=\"twitter:data1\" content=\"2 minutes\" \/>\n<script type=\"application\/ld+json\" class=\"yoast-schema-graph\">{\"@context\":\"https:\/\/schema.org\",\"@graph\":[{\"@type\":\"WebPage\",\"@id\":\"https:\/\/albatrozaviacao.com.br\/sobre\/\",\"url\":\"https:\/\/albatrozaviacao.com.br\/sobre\/\",\"name\":\"Sobre - Albatroz Avia\u00e7\u00e3o\",\"isPartOf\":{\"@id\":\"https:\/\/albatrozaviacao.com.br\/#website\"},\"primaryImageOfPage\":{\"@id\":\"https:\/\/albatrozaviacao.com.br\/sobre\/#primaryimage\"},\"image\":{\"@id\":\"https:\/\/albatrozaviacao.com.br\/sobre\/#primaryimage\"},\"thumbnailUrl\":\"https:\/\/albatrozaviacao.com.br\/wp-content\/uploads\/2020\/06\/Albatroz-Icone-2000x1200px.jpg\",\"datePublished\":\"2020-06-23T04:11:31+00:00\",\"dateModified\":\"2022-03-29T18:19:30+00:00\",\"description\":\"Albatroz Consultoria em Avia\u00e7\u00e3o \u00e9 uma empresa fundada em 2020 a partir do desejo de seu fundador em compartilhar seus conhecimentos nos sistemas de gerenciamento da seguran\u00e7a operacional para elevar performance, reduzir e controlar riscos e proteger vidas na avia\u00e7\u00e3o civil.\",\"breadcrumb\":{\"@id\":\"https:\/\/albatrozaviacao.com.br\/sobre\/#breadcrumb\"},\"inLanguage\":\"en-US\",\"potentialAction\":[{\"@type\":\"ReadAction\",\"target\":[\"https:\/\/albatrozaviacao.com.br\/sobre\/\"]}]},{\"@type\":\"ImageObject\",\"inLanguage\":\"en-US\",\"@id\":\"https:\/\/albatrozaviacao.com.br\/sobre\/#primaryimage\",\"url\":\"https:\/\/albatrozaviacao.com.br\/wp-content\/uploads\/2020\/06\/Albatroz-Icone-2000x1200px.jpg\",\"contentUrl\":\"https:\/\/albatrozaviacao.com.br\/wp-content\/uploads\/2020\/06\/Albatroz-Icone-2000x1200px.jpg\",\"width\":2000,\"height\":1200},{\"@type\":\"BreadcrumbList\",\"@id\":\"https:\/\/albatrozaviacao.com.br\/sobre\/#breadcrumb\",\"itemListElement\":[{\"@type\":\"ListItem\",\"position\":1,\"name\":\"In\u00edcio\",\"item\":\"https:\/\/albatrozaviacao.com.br\/\"},{\"@type\":\"ListItem\",\"position\":2,\"name\":\"Sobre\"}]},{\"@type\":\"WebSite\",\"@id\":\"https:\/\/albatrozaviacao.com.br\/#website\",\"url\":\"https:\/\/albatrozaviacao.com.br\/\",\"name\":\"Albatroz Avia\u00e7\u00e3o\",\"description\":\"Consultoria em Avia\u00e7\u00e3o\",\"publisher\":{\"@id\":\"https:\/\/albatrozaviacao.com.br\/#organization\"},\"potentialAction\":[{\"@type\":\"SearchAction\",\"target\":{\"@type\":\"EntryPoint\",\"urlTemplate\":\"https:\/\/albatrozaviacao.com.br\/?s={search_term_string}\"},\"query-input\":{\"@type\":\"PropertyValueSpecification\",\"valueRequired\":true,\"valueName\":\"search_term_string\"}}],\"inLanguage\":\"en-US\"},{\"@type\":\"Organization\",\"@id\":\"https:\/\/albatrozaviacao.com.br\/#organization\",\"name\":\"Albatroz Consultoria em Avia\u00e7\u00e3o\",\"url\":\"https:\/\/albatrozaviacao.com.br\/\",\"logo\":{\"@type\":\"ImageObject\",\"inLanguage\":\"en-US\",\"@id\":\"https:\/\/albatrozaviacao.com.br\/#\/schema\/logo\/image\/\",\"url\":\"https:\/\/albatrozaviacao.com.br\/wp-content\/uploads\/2020\/06\/ALBATROZ-250x250px.png\",\"contentUrl\":\"https:\/\/albatrozaviacao.com.br\/wp-content\/uploads\/2020\/06\/ALBATROZ-250x250px.png\",\"width\":250,\"height\":250,\"caption\":\"Albatroz Consultoria em Avia\u00e7\u00e3o\"},\"image\":{\"@id\":\"https:\/\/albatrozaviacao.com.br\/#\/schema\/logo\/image\/\"},\"sameAs\":[\"https:\/\/www.linkedin.com\/company\/albatroz-consultoria-em-avia\u00e7\u00e3o\/?viewAsMember=true\"]}]}<\/script>\n<!-- \/ Yoast SEO plugin. -->","yoast_head_json":{"title":"Sobre - Albatroz Avia\u00e7\u00e3o","description":"Albatroz Consultoria em Avia\u00e7\u00e3o \u00e9 uma empresa fundada em 2020 a partir do desejo de seu fundador em compartilhar seus conhecimentos nos sistemas de gerenciamento da seguran\u00e7a operacional para elevar performance, reduzir e controlar riscos e proteger vidas na avia\u00e7\u00e3o civil.","robots":{"index":"index","follow":"follow","max-snippet":"max-snippet:-1","max-image-preview":"max-image-preview:large","max-video-preview":"max-video-preview:-1"},"canonical":"https:\/\/albatrozaviacao.com.br\/en\/sobre\/","og_locale":"en_US","og_type":"article","og_title":"Sobre - Albatroz Avia\u00e7\u00e3o","og_description":"Albatroz Consultoria em Avia\u00e7\u00e3o \u00e9 uma empresa fundada em 2020 a partir do desejo de seu fundador em compartilhar seus conhecimentos nos sistemas de gerenciamento da seguran\u00e7a operacional para elevar performance, reduzir e controlar riscos e proteger vidas na avia\u00e7\u00e3o civil.","og_url":"https:\/\/albatrozaviacao.com.br\/en\/sobre\/","og_site_name":"Albatroz Avia\u00e7\u00e3o","article_modified_time":"2022-03-29T18:19:30+00:00","og_image":[{"width":2000,"height":1200,"url":"https:\/\/albatrozaviacao.com.br\/wp-content\/uploads\/2020\/06\/Albatroz-Icone-2000x1200px.jpg","type":"image\/jpeg"}],"twitter_card":"summary_large_image","twitter_misc":{"Est. reading time":"2 minutes"},"schema":{"@context":"https:\/\/schema.org","@graph":[{"@type":"WebPage","@id":"https:\/\/albatrozaviacao.com.br\/sobre\/","url":"https:\/\/albatrozaviacao.com.br\/sobre\/","name":"Sobre - Albatroz Avia\u00e7\u00e3o","isPartOf":{"@id":"https:\/\/albatrozaviacao.com.br\/#website"},"primaryImageOfPage":{"@id":"https:\/\/albatrozaviacao.com.br\/sobre\/#primaryimage"},"image":{"@id":"https:\/\/albatrozaviacao.com.br\/sobre\/#primaryimage"},"thumbnailUrl":"https:\/\/albatrozaviacao.com.br\/wp-content\/uploads\/2020\/06\/Albatroz-Icone-2000x1200px.jpg","datePublished":"2020-06-23T04:11:31+00:00","dateModified":"2022-03-29T18:19:30+00:00","description":"Albatroz Consultoria em Avia\u00e7\u00e3o \u00e9 uma empresa fundada em 2020 a partir do desejo de seu fundador em compartilhar seus conhecimentos nos sistemas de gerenciamento da seguran\u00e7a operacional para elevar performance, reduzir e controlar riscos e proteger vidas na avia\u00e7\u00e3o civil.","breadcrumb":{"@id":"https:\/\/albatrozaviacao.com.br\/sobre\/#breadcrumb"},"inLanguage":"en-US","potentialAction":[{"@type":"ReadAction","target":["https:\/\/albatrozaviacao.com.br\/sobre\/"]}]},{"@type":"ImageObject","inLanguage":"en-US","@id":"https:\/\/albatrozaviacao.com.br\/sobre\/#primaryimage","url":"https:\/\/albatrozaviacao.com.br\/wp-content\/uploads\/2020\/06\/Albatroz-Icone-2000x1200px.jpg","contentUrl":"https:\/\/albatrozaviacao.com.br\/wp-content\/uploads\/2020\/06\/Albatroz-Icone-2000x1200px.jpg","width":2000,"height":1200},{"@type":"BreadcrumbList","@id":"https:\/\/albatrozaviacao.com.br\/sobre\/#breadcrumb","itemListElement":[{"@type":"ListItem","position":1,"name":"In\u00edcio","item":"https:\/\/albatrozaviacao.com.br\/"},{"@type":"ListItem","position":2,"name":"Sobre"}]},{"@type":"WebSite","@id":"https:\/\/albatrozaviacao.com.br\/#website","url":"https:\/\/albatrozaviacao.com.br\/","name":"Albatroz Avia\u00e7\u00e3o","description":"Consultoria em Avia\u00e7\u00e3o","publisher":{"@id":"https:\/\/albatrozaviacao.com.br\/#organization"},"potentialAction":[{"@type":"SearchAction","target":{"@type":"EntryPoint","urlTemplate":"https:\/\/albatrozaviacao.com.br\/?s={search_term_string}"},"query-input":{"@type":"PropertyValueSpecification","valueRequired":true,"valueName":"search_term_string"}}],"inLanguage":"en-US"},{"@type":"Organization","@id":"https:\/\/albatrozaviacao.com.br\/#organization","name":"Albatroz Consultoria em Avia\u00e7\u00e3o","url":"https:\/\/albatrozaviacao.com.br\/","logo":{"@type":"ImageObject","inLanguage":"en-US","@id":"https:\/\/albatrozaviacao.com.br\/#\/schema\/logo\/image\/","url":"https:\/\/albatrozaviacao.com.br\/wp-content\/uploads\/2020\/06\/ALBATROZ-250x250px.png","contentUrl":"https:\/\/albatrozaviacao.com.br\/wp-content\/uploads\/2020\/06\/ALBATROZ-250x250px.png","width":250,"height":250,"caption":"Albatroz Consultoria em Avia\u00e7\u00e3o"},"image":{"@id":"https:\/\/albatrozaviacao.com.br\/#\/schema\/logo\/image\/"},"sameAs":["https:\/\/www.linkedin.com\/company\/albatroz-consultoria-em-avia\u00e7\u00e3o\/?viewAsMember=true"]}]}},"_links":{"self":[{"href":"https:\/\/albatrozaviacao.com.br\/en\/wp-json\/wp\/v2\/pages\/32","targetHints":{"allow":["GET"]}}],"collection":[{"href":"https:\/\/albatrozaviacao.com.br\/en\/wp-json\/wp\/v2\/pages"}],"about":[{"href":"https:\/\/albatrozaviacao.com.br\/en\/wp-json\/wp\/v2\/types\/page"}],"author":[{"embeddable":true,"href":"https:\/\/albatrozaviacao.com.br\/en\/wp-json\/wp\/v2\/users\/1"}],"replies":[{"embeddable":true,"href":"https:\/\/albatrozaviacao.com.br\/en\/wp-json\/wp\/v2\/comments?post=32"}],"version-history":[{"count":25,"href":"https:\/\/albatrozaviacao.com.br\/en\/wp-json\/wp\/v2\/pages\/32\/revisions"}],"predecessor-version":[{"id":240,"href":"https:\/\/albatrozaviacao.com.br\/en\/wp-json\/wp\/v2\/pages\/32\/revisions\/240"}],"wp:featuredmedia":[{"embeddable":true,"href":"https:\/\/albatrozaviacao.com.br\/en\/wp-json\/wp\/v2\/media\/56"}],"wp:attachment":[{"href":"https:\/\/albatrozaviacao.com.br\/en\/wp-json\/wp\/v2\/media?parent=32"}],"curies":[{"name":"wp","href":"https:\/\/api.w.org\/{rel}","templated":true}]}}